{"id":336733,"date":"2023-12-12T02:55:37","date_gmt":"2023-12-11T23:55:37","guid":{"rendered":"https:\/\/asociatiatheoris.ro\/spenden\/"},"modified":"2024-03-24T21:32:42","modified_gmt":"2024-03-24T18:32:42","slug":"spenden","status":"publish","type":"page","link":"https:\/\/asociatiatheoris.ro\/de\/spenden\/","title":{"rendered":"Spenden"},"content":{"rendered":"<p>[et_pb_section fb_built=&#8221;1&#8243; _builder_version=&#8221;4.23.1&#8243; _module_preset=&#8221;default&#8221; custom_padding=&#8221;0px||0px|||&#8221; global_colors_info=&#8221;{}&#8221;][et_pb_row _builder_version=&#8221;4.23.1&#8243; _module_preset=&#8221;default&#8221; width=&#8221;90%&#8221; custom_margin=&#8221;|auto|-8px|auto||&#8221; global_colors_info=&#8221;{}&#8221;][et_pb_column type=&#8221;4_4&#8243; _builder_version=&#8221;4.23.1&#8243; _module_preset=&#8221;default&#8221; global_colors_info=&#8221;{}&#8221;][et_pb_divider module_class=&#8221;dividerascuns&#8221; _builder_version=&#8221;4.23.1&#8243; _module_preset=&#8221;default&#8221; min_height=&#8221;140px&#8221; min_height_tablet=&#8221;125px&#8221; min_height_phone=&#8221;120px&#8221; min_height_last_edited=&#8221;on|phone&#8221; locked=&#8221;off&#8221; global_colors_info=&#8221;{}&#8221;][\/et_pb_divider][et_pb_text content_tablet=&#8221;<\/p>\n<p style=%22text-align: center;%22><strong>Wir danken dir daf\u00fcr, dass du in einer Welt, in der du alles sein kannst,<\/strong><br \/><strong>DU dich entscheidest, GUT zu sein!<\/strong><\/p>\n<hr \/>\n<p style=%22text-align: center;%22>&#8221; content_phone=&#8221;<\/p>\n<p style=%22text-align: center;%22><strong>Wir danken dir daf\u00fcr, dass du in einer Welt, in der du alles sein kannst,<\/strong><br \/><strong>DU dich entscheidest, GUT zu sein!<\/strong><\/p>\n<hr \/>\n<p style=%22text-align: center;%22>&#8221; content_last_edited=&#8221;on|phone&#8221; _builder_version=&#8221;4.24.2&#8243; _module_preset=&#8221;default&#8221; text_font=&#8221;Jost||||||||&#8221; text_font_size=&#8221;18px&#8221; hover_enabled=&#8221;0&#8243; text_font_size_tablet=&#8221;18px&#8221; text_font_size_phone=&#8221;16px&#8221; text_font_size_last_edited=&#8221;on|tablet&#8221; locked=&#8221;off&#8221; global_colors_info=&#8221;{}&#8221; sticky_enabled=&#8221;0&#8243;]<\/p>\n<p style=\"text-align: center;\"><strong>Wir danken dir daf\u00fcr, dass du in einer Welt, in der du alles sein kannst,<\/strong><br \/><strong>DU dich entscheidest, GUT zu sein!<\/strong><\/p>\n<hr \/>\n<p>[\/et_pb_text][et_pb_button button_url=&#8221;https:\/\/asociatiatheoris.ro\/de\/spenden-mit-karte\/?iframe=true&#8221; button_text=&#8221;Spenden mit Karte&#8221; button_alignment=&#8221;center&#8221; disabled_on=&#8221;off|off|off&#8221; module_class=&#8221;buton-donatie-home&#8221; _builder_version=&#8221;4.24.0&#8243; _module_preset=&#8221;default&#8221; custom_button=&#8221;on&#8221; button_text_color=&#8221;#FFFFFF&#8221; button_bg_color=&#8221;#ec6612&#8243; button_border_width=&#8221;2px&#8221; button_border_radius=&#8221;20px&#8221; button_letter_spacing=&#8221;0px&#8221; button_font=&#8221;Jost|600|||||||&#8221; custom_margin=&#8221;||9px|||&#8221; global_colors_info=&#8221;{}&#8221; button_bg_color__hover_enabled=&#8221;on|desktop&#8221; button_bg_color__hover=&#8221;#FFFFFF&#8221; button_bg_enable_color__hover=&#8221;on&#8221; button_border_color__hover_enabled=&#8221;on|hover&#8221; button_border_color__hover=&#8221;#ec6612&#8243; button_border_width__hover_enabled=&#8221;on|hover&#8221; button_text_color__hover_enabled=&#8221;on|hover&#8221; button_text_color__hover=&#8221;#ec6612&#8243; button_border_width__hover=&#8221;2px&#8221;][\/et_pb_button][et_pb_button button_url=&#8221;https:\/\/asociatiatheoris.ro\/de\/spenden-mit-paypal\/?iframe=true&#8221; button_text=&#8221;Spenden mit PayPal&#8221; button_alignment=&#8221;center&#8221; disabled_on=&#8221;off|off|off&#8221; module_class=&#8221;buton-donatie-home&#8221; _builder_version=&#8221;4.24.0&#8243; _module_preset=&#8221;default&#8221; custom_button=&#8221;on&#8221; button_text_color=&#8221;#FFFFFF&#8221; button_bg_color=&#8221;#ec6612&#8243; button_border_width=&#8221;2px&#8221; button_border_radius=&#8221;20px&#8221; button_letter_spacing=&#8221;0px&#8221; button_font=&#8221;Jost|600|||||||&#8221; custom_margin=&#8221;||9px|||&#8221; global_colors_info=&#8221;{}&#8221; button_text_color__hover=&#8221;#ec6612&#8243; button_text_color__hover_enabled=&#8221;on|hover&#8221; button_bg_color__hover=&#8221;#FFFFFF&#8221; button_bg_color__hover_enabled=&#8221;on|desktop&#8221; button_border_width__hover_enabled=&#8221;on|hover&#8221; button_border_color__hover=&#8221;#ec6612&#8243; button_border_color__hover_enabled=&#8221;on|hover&#8221; button_border_width__hover=&#8221;2px&#8221;][\/et_pb_button][et_pb_button button_url=&#8221;https:\/\/asociatiatheoris.ro\/de\/spenden-per-bankueberweisung\/?iframe=true&#8221; button_text=&#8221;Spenden per Bank\u00fcberweisung&#8221; button_alignment=&#8221;center&#8221; module_class=&#8221;buton-donatie-home&#8221; _builder_version=&#8221;4.24.0&#8243; _module_preset=&#8221;default&#8221; custom_button=&#8221;on&#8221; button_text_color=&#8221;#FFFFFF&#8221; button_bg_color=&#8221;#ec6612&#8243; button_border_width=&#8221;2px&#8221; button_border_radius=&#8221;20px&#8221; button_letter_spacing=&#8221;0px&#8221; button_font=&#8221;Jost|600|||||||&#8221; custom_margin=&#8221;||9px|||&#8221; global_colors_info=&#8221;{}&#8221; button_text_color__hover=&#8221;#ec6612&#8243; button_text_color__hover_enabled=&#8221;on|hover&#8221; button_bg_color__hover=&#8221;#FFFFFF&#8221; button_bg_color__hover_enabled=&#8221;on|desktop&#8221; button_border_width__hover_enabled=&#8221;on|hover&#8221; button_border_color__hover=&#8221;#ec6612&#8243; button_border_color__hover_enabled=&#8221;on|hover&#8221; button_border_width__hover=&#8221;2px&#8221;][\/et_pb_button][et_pb_button button_url=&#8221;https:\/\/asociatiatheoris.ro\/de\/spenden-mit-revolut\/?iframe=true&#8221; button_text=&#8221;Spenden mit Revolut&#8221; button_alignment=&#8221;center&#8221; module_class=&#8221;buton-donatie-home&#8221; _builder_version=&#8221;4.24.0&#8243; _module_preset=&#8221;default&#8221; custom_button=&#8221;on&#8221; button_text_color=&#8221;#FFFFFF&#8221; button_bg_color=&#8221;#ec6612&#8243; button_border_width=&#8221;2px&#8221; button_border_radius=&#8221;20px&#8221; button_letter_spacing=&#8221;0px&#8221; button_font=&#8221;Jost|600|||||||&#8221; custom_margin=&#8221;||9px|||&#8221; global_colors_info=&#8221;{}&#8221; button_text_color__hover=&#8221;#ec6612&#8243; button_text_color__hover_enabled=&#8221;on|hover&#8221; button_bg_color__hover=&#8221;#FFFFFF&#8221; button_bg_color__hover_enabled=&#8221;on|desktop&#8221; button_border_width__hover_enabled=&#8221;on|hover&#8221; button_border_color__hover=&#8221;#ec6612&#8243; button_border_color__hover_enabled=&#8221;on|hover&#8221; button_border_width__hover=&#8221;2px&#8221;][\/et_pb_button][et_pb_button button_url=&#8221;https:\/\/gofund.me\/98060f00&#8243; button_text=&#8221;Spenden auf GoFundMe&#8221; button_alignment=&#8221;center&#8221; module_class=&#8221;buton-donatie-home&#8221; _builder_version=&#8221;4.24.0&#8243; _module_preset=&#8221;default&#8221; custom_button=&#8221;on&#8221; button_text_color=&#8221;#FFFFFF&#8221; button_bg_color=&#8221;#ec6612&#8243; button_border_width=&#8221;2px&#8221; button_border_radius=&#8221;20px&#8221; button_letter_spacing=&#8221;0px&#8221; button_font=&#8221;Jost|600|||||||&#8221; custom_margin=&#8221;||9px|||&#8221; global_colors_info=&#8221;{}&#8221; button_text_color__hover=&#8221;#ec6612&#8243; button_text_color__hover_enabled=&#8221;on|hover&#8221; button_bg_color__hover=&#8221;#FFFFFF&#8221; button_bg_color__hover_enabled=&#8221;on|desktop&#8221; button_border_width__hover_enabled=&#8221;on|hover&#8221; button_border_color__hover=&#8221;#ec6612&#8243; button_border_color__hover_enabled=&#8221;on|hover&#8221; button_border_width__hover=&#8221;2px&#8221;][\/et_pb_button][\/et_pb_column][\/et_pb_row][\/et_pb_section][et_pb_section fb_built=&#8221;1&#8243; _builder_version=&#8221;4.23.1&#8243; _module_preset=&#8221;default&#8221; custom_padding=&#8221;0px||121px|||&#8221; global_colors_info=&#8221;{}&#8221;][et_pb_row _builder_version=&#8221;4.23.1&#8243; _module_preset=&#8221;default&#8221; custom_padding=&#8221;0px|||||&#8221; global_colors_info=&#8221;{}&#8221;][et_pb_column type=&#8221;4_4&#8243; _builder_version=&#8221;4.23.1&#8243; _module_preset=&#8221;default&#8221; global_colors_info=&#8221;{}&#8221;][et_pb_text _builder_version=&#8221;4.24.2&#8243; _module_preset=&#8221;default&#8221; text_font=&#8221;Jost||||||||&#8221; text_font_size=&#8221;16px&#8221; global_colors_info=&#8221;{}&#8221;]<\/p>\n<hr>\n<p><strong>Die Auswirkungen Ihrer Hilfe<\/strong><\/p>\n<p>Jeder Beitrag, gro\u00df oder klein, bringt Hoffnung und Unterst\u00fctzung im Kampf gegen Krebs bei Kindern. Durch Ihre Gro\u00dfz\u00fcgigkeit bieten Sie nicht nur sofortige Hilfe f\u00fcr Theoris und ihre Familie, sondern reichen auch anderen mutigen Seelen, die diese schwierige Pr\u00fcfung durchstehen, eine helfende Hand.<\/p>\n<p>Gemeinsam k\u00f6nnen wir einen echten Unterschied machen. Gemeinsam sind wir siegreich![\/et_pb_text][\/et_pb_column][\/et_pb_row][\/et_pb_section]<\/p>\n","protected":false},"excerpt":{"rendered":"<p>Wir danken dir daf\u00fcr, dass du in einer Welt, in der du alles sein kannst,DU dich entscheidest, GUT zu sein! Die Auswirkungen Ihrer Hilfe Jeder Beitrag, gro\u00df oder klein, bringt Hoffnung und Unterst\u00fctzung im Kampf gegen Krebs bei Kindern. Durch Ihre Gro\u00dfz\u00fcgigkeit bieten Sie nicht nur sofortige Hilfe f\u00fcr Theoris und ihre Familie, sondern reichen [&hellip;]<\/p>\n","protected":false},"author":1,"featured_media":0,"parent":0,"menu_order":0,"comment_status":"closed","ping_status":"closed","template":"","meta":{"_et_pb_use_builder":"on","_et_pb_old_content":"","_et_gb_content_width":"","footnotes":""},"_links":{"self":[{"href":"https:\/\/asociatiatheoris.ro\/de\/wp-json\/wp\/v2\/pages\/336733"}],"collection":[{"href":"https:\/\/asociatiatheoris.ro\/de\/wp-json\/wp\/v2\/pages"}],"about":[{"href":"https:\/\/asociatiatheoris.ro\/de\/wp-json\/wp\/v2\/types\/page"}],"author":[{"embeddable":true,"href":"https:\/\/asociatiatheoris.ro\/de\/wp-json\/wp\/v2\/users\/1"}],"replies":[{"embeddable":true,"href":"https:\/\/asociatiatheoris.ro\/de\/wp-json\/wp\/v2\/comments?post=336733"}],"version-history":[{"count":11,"href":"https:\/\/asociatiatheoris.ro\/de\/wp-json\/wp\/v2\/pages\/336733\/revisions"}],"predecessor-version":[{"id":337182,"href":"https:\/\/asociatiatheoris.ro\/de\/wp-json\/wp\/v2\/pages\/336733\/revisions\/337182"}],"wp:attachment":[{"href":"https:\/\/asociatiatheoris.ro\/de\/wp-json\/wp\/v2\/media?parent=336733"}],"curies":[{"name":"wp","href":"https:\/\/api.w.org\/{rel}","templated":true}]}}