{"id":336776,"date":"2023-12-20T21:46:26","date_gmt":"2023-12-20T18:46:26","guid":{"rendered":"https:\/\/asociatiatheoris.ro\/spenden-per-bankueberweisung\/"},"modified":"2024-02-27T12:22:29","modified_gmt":"2024-02-27T09:22:29","slug":"spenden-per-bankueberweisung","status":"publish","type":"page","link":"https:\/\/asociatiatheoris.ro\/de\/spenden-per-bankueberweisung\/","title":{"rendered":"Spenden per Bank\u00fcberweisung"},"content":{"rendered":"<p>[et_pb_section fb_built=&#8221;1&#8243; _builder_version=&#8221;4.23.1&#8243; _module_preset=&#8221;default&#8221; custom_padding=&#8221;0px|||||&#8221; global_colors_info=&#8221;{}&#8221;][et_pb_row _builder_version=&#8221;4.23.1&#8243; _module_preset=&#8221;default&#8221; custom_css_after=&#8221;||&#8221; global_colors_info=&#8221;{}&#8221;][et_pb_column type=&#8221;4_4&#8243; _builder_version=&#8221;4.21.0&#8243; _module_preset=&#8221;default&#8221; global_colors_info=&#8221;{}&#8221;][et_pb_divider module_class=&#8221;dividerascuns&#8221; _builder_version=&#8221;4.23.1&#8243; _module_preset=&#8221;default&#8221; min_height=&#8221;140px&#8221; min_height_tablet=&#8221;125px&#8221; min_height_phone=&#8221;120px&#8221; min_height_last_edited=&#8221;on|phone&#8221; global_colors_info=&#8221;{}&#8221;][\/et_pb_divider][et_pb_button button_url=&#8221;https:\/\/asociatiatheoris.ro\/de\/spenden\/?iframe=true&#8221; button_text=&#8221;Zur\u00fcck&#8221; button_alignment=&#8221;left&#8221; disabled_on=&#8221;off|off|off&#8221; module_class=&#8221;butoninapoi&#8221; _builder_version=&#8221;4.23.1&#8243; _module_preset=&#8221;default&#8221; custom_button=&#8221;on&#8221; button_text_color=&#8221;#FFFFFF&#8221; button_bg_color=&#8221;#ec6612&#8243; button_border_width=&#8221;2px&#8221; button_border_radius=&#8221;20px&#8221; button_letter_spacing=&#8221;0px&#8221; button_font=&#8221;Jost|600|||||||&#8221; button_icon=&#8221;&#xf060;||fa||900&#8243; button_icon_placement=&#8221;left&#8221; button_on_hover=&#8221;off&#8221; custom_margin=&#8221;||9px|||&#8221; custom_padding=&#8221;3px||3px||false|false&#8221; locked=&#8221;off&#8221; global_colors_info=&#8221;{}&#8221; button_text_color__hover=&#8221;#ec6612&#8243; button_text_color__hover_enabled=&#8221;on|hover&#8221; button_bg_color__hover=&#8221;#FFFFFF&#8221; button_bg_color__hover_enabled=&#8221;on|desktop&#8221; button_border_width__hover=&#8221;2px&#8221; button_border_width__hover_enabled=&#8221;on|hover&#8221; button_border_color__hover=&#8221;#ec6612&#8243; button_border_color__hover_enabled=&#8221;on|hover&#8221;][\/et_pb_button][et_pb_code module_class=&#8221;sablonborder&#8221; _builder_version=&#8221;4.23.4&#8243; _module_preset=&#8221;default&#8221; width=&#8221;70%&#8221; width_tablet=&#8221;100%&#8221; width_phone=&#8221;100%&#8221; width_last_edited=&#8221;on|phone&#8221; custom_margin=&#8221;|auto||auto|false|false&#8221; hover_enabled=&#8221;0&#8243; global_colors_info=&#8221;{}&#8221; sticky_enabled=&#8221;0&#8243;]<!-- [et_pb_line_break_holder] --><!-- [et_pb_line_break_holder] --><!-- [et_pb_line_break_holder] --><\/p>\n<div class=\"redirectionarefirma\"><!-- [et_pb_line_break_holder] -->  <!-- [et_pb_line_break_holder] -->    <!-- Notification Section --><!-- [et_pb_line_break_holder] -->    <\/p>\n<div id=\"notification\" style=\"display: none;\"><\/div>\n<p><!-- [et_pb_line_break_holder] --><!-- [et_pb_line_break_holder] -->    <!-- Title Section --><!-- [et_pb_line_break_holder] -->    <\/p>\n<div class=\"titlumare\">Spende per Bank\u00fcberweisung<\/div>\n<p><!-- [et_pb_line_break_holder] --><!-- [et_pb_line_break_holder] -->    <!-- Empty Divider for Spacing\/Tab --><!-- [et_pb_line_break_holder] -->    <\/p>\n<div class=\"partetab\"><\/div>\n<p><!-- [et_pb_line_break_holder] --><!-- [et_pb_line_break_holder] --><!-- [et_pb_line_break_holder] -->        <!-- Association's Bank Accounts Section --><!-- [et_pb_line_break_holder] -->    <span class=\"parttitle\">Bankkonten des Vereins:<\/span><!-- [et_pb_line_break_holder] -->    <pee><!-- [et_pb_line_break_holder] -->    <\/pee>\n<div class=\"grup-cont\"><!-- [et_pb_line_break_holder] -->        <pee><!-- [et_pb_line_break_holder] -->            <strong><span style=\"color: #4f5b94;\">Bankname: <\/span><span>BANCA TRANSILVANIA<\/span><!\u2013- [et_pb_br_holder] -\u2013><!-- [et_pb_line_break_holder] -->                <span style=\"color: #4f5b94;\">Kontoinhaber:<\/span> Asocia\u021bia Theoris<!\u2013- [et_pb_br_holder] -\u2013><!-- [et_pb_line_break_holder] -->                <span style=\"color: #4f5b94;\">IBAN f\u00fcr RON (LEI):<\/span> <!-- [et_pb_line_break_holder] --> <span class=\"contbancar\">RO70BTRLRONCRT0672977801<\/span><!-- [et_pb_line_break_holder] -->            <\/strong><!-- [et_pb_line_break_holder] -->            <span class=\"butoncopiere\">(Kopieren Sie das Konto)<\/span><!-- [et_pb_line_break_holder] -->        <\/pee><!-- [et_pb_line_break_holder] -->    <\/div>\n<p><!-- [et_pb_line_break_holder] -->        <pee><!-- [et_pb_line_break_holder] -->            <strong><!-- [et_pb_line_break_holder] -->                <span style=\"color: #4f5b94;\">SWIFT-CODE:<\/span> BTRLRO22<!-- [et_pb_line_break_holder] -->            <\/strong><!-- [et_pb_line_break_holder] -->        <\/pee><!-- [et_pb_line_break_holder] -->   <!-- [et_pb_line_break_holder] --><!-- [et_pb_line_break_holder] --><!-- [et_pb_line_break_holder] --><!-- [et_pb_line_break_holder] -->    <!-- Father's Bank Accounts Section --><!-- [et_pb_line_break_holder] -->    <span class=\"parttitle\">Bankkonten des Vaters:<\/span><!-- [et_pb_line_break_holder] -->    <pee><!-- [et_pb_line_break_holder] -->    <\/pee>\n<div class=\"grup-cont\"><!-- [et_pb_line_break_holder] -->        <pee><!-- [et_pb_line_break_holder] -->            <strong><span style=\"color: #4f5b94;\">Bankname: <\/span><span>BRD<\/span><!\u2013- [et_pb_br_holder] -\u2013><!-- [et_pb_line_break_holder] -->                <span style=\"color: #4f5b94;\">Kontoinhaber:<\/span> Manea Costin<!\u2013- [et_pb_br_holder] -\u2013><!-- [et_pb_line_break_holder] -->                <span style=\"color: #4f5b94;\">IBAN f\u00fcr RON (LEI):<\/span> <!-- [et_pb_line_break_holder] --> <span class=\"contbancar\">RO61BRDE300SV41090743000<\/span>       <!-- [et_pb_line_break_holder] -->            <\/strong><!-- [et_pb_line_break_holder] -->            <span class=\"butoncopiere\">(Kopieren Sie das Konto)<\/span><!-- [et_pb_line_break_holder] -->        <\/pee><!-- [et_pb_line_break_holder] -->    <\/div>\n<p><!-- [et_pb_line_break_holder] -->    <\/p>\n<div class=\"grup-cont\"><!-- [et_pb_line_break_holder] -->        <pee><!-- [et_pb_line_break_holder] -->              <strong><!-- [et_pb_line_break_holder] --> <span style=\"color: #4f5b94;\">IBAN f\u00fcr EURO:<\/span> <!-- [et_pb_line_break_holder] --> <span class=\"contbancar\">RO43BRDE300SV02283343000<\/span><!-- [et_pb_line_break_holder] --><\/strong><!-- [et_pb_line_break_holder] --> <span class=\"butoncopiere\">(Kopieren Sie das Konto)<\/span><!-- [et_pb_line_break_holder] -->        <\/pee><!-- [et_pb_line_break_holder] -->    <\/div>\n<p><!-- [et_pb_line_break_holder] -->        <pee><!-- [et_pb_line_break_holder] -->            <strong><!-- [et_pb_line_break_holder] -->                <span style=\"color: #4f5b94;\">SWIFT-CODE:<\/span> BRDEROBU<!-- [et_pb_line_break_holder] -->            <\/strong><!-- [et_pb_line_break_holder] -->        <\/pee><!-- [et_pb_line_break_holder] -->    <!-- [et_pb_line_break_holder] --><!-- [et_pb_line_break_holder] -->    <!-- ...alte sec\u021biuni... --><!-- [et_pb_line_break_holder] --><!-- [et_pb_line_break_holder] -->     <pee class=\"informareprinbanca\">*Wenn Sie NICHT m\u00f6chten, dass Ihr Name in der Liste der Spender ver\u00f6ffentlicht wird, geben Sie bitte das Wort &#8220;ANONYM&#8221; an, wenn Sie die Spende \u00fcber die Bank t\u00e4tigen oder senden Sie uns eine Nachricht an office@asociatiatheoris.ro.<\/pee><!-- [et_pb_line_break_holder] --><!-- [et_pb_line_break_holder] --><\/div>\n<p><!-- [et_pb_line_break_holder] --><!-- [et_pb_line_break_holder] --><!-- [et_pb_line_break_holder] -->[\/et_pb_code][et_pb_text _builder_version=&#8221;4.23.1&#8243; _module_preset=&#8221;default&#8221; text_font=&#8221;Jost||||||||&#8221; text_font_size=&#8221;16px&#8221; locked=&#8221;off&#8221; global_colors_info=&#8221;{}&#8221;]<\/p>\n<p><strong>Die Auswirkungen Ihrer Hilfe<\/strong><\/p>\n<p><span>Spenden Sie, um unsere Sache zu unterst\u00fctzen! Wenn Sie dies lieber \u00fcber eine Bank\u00fcberweisung tun m\u00f6chten, ist der Vorgang einfach und sicher. Sie k\u00f6nnen Ihren Online-Banking-Service verwenden, um jeden beliebigen Betrag direkt von Ihrem Bankkonto zu senden.<\/span><\/p>\n<p><span>Jede Spende, egal wie klein, ist f\u00fcr uns und diejenigen, denen wir helfen, enorm wichtig. Vielen Dank f\u00fcr Ihre Gro\u00dfz\u00fcgigkeit und daf\u00fcr, dass Sie bei Theoris und unserer Sache sind.<\/span><\/p>\n<p>Gemeinsam k\u00f6nnen wir einen echten Unterschied machen. Gemeinsam sind wir siegreich!<\/p>\n<p>[\/et_pb_text][\/et_pb_column][\/et_pb_row][\/et_pb_section]<\/p>\n","protected":false},"excerpt":{"rendered":"<p>Die Auswirkungen Ihrer Hilfe Spenden Sie, um unsere Sache zu unterst\u00fctzen! Wenn Sie dies lieber \u00fcber eine Bank\u00fcberweisung tun m\u00f6chten, ist der Vorgang einfach und sicher. Sie k\u00f6nnen Ihren Online-Banking-Service verwenden, um jeden beliebigen Betrag direkt von Ihrem Bankkonto zu senden. Jede Spende, egal wie klein, ist f\u00fcr uns und diejenigen, denen wir helfen, enorm [&hellip;]<\/p>\n","protected":false},"author":1,"featured_media":0,"parent":0,"menu_order":0,"comment_status":"closed","ping_status":"closed","template":"","meta":{"_et_pb_use_builder":"on","_et_pb_old_content":"","_et_gb_content_width":"","footnotes":""},"_links":{"self":[{"href":"https:\/\/asociatiatheoris.ro\/de\/wp-json\/wp\/v2\/pages\/336776"}],"collection":[{"href":"https:\/\/asociatiatheoris.ro\/de\/wp-json\/wp\/v2\/pages"}],"about":[{"href":"https:\/\/asociatiatheoris.ro\/de\/wp-json\/wp\/v2\/types\/page"}],"author":[{"embeddable":true,"href":"https:\/\/asociatiatheoris.ro\/de\/wp-json\/wp\/v2\/users\/1"}],"replies":[{"embeddable":true,"href":"https:\/\/asociatiatheoris.ro\/de\/wp-json\/wp\/v2\/comments?post=336776"}],"version-history":[{"count":7,"href":"https:\/\/asociatiatheoris.ro\/de\/wp-json\/wp\/v2\/pages\/336776\/revisions"}],"predecessor-version":[{"id":336983,"href":"https:\/\/asociatiatheoris.ro\/de\/wp-json\/wp\/v2\/pages\/336776\/revisions\/336983"}],"wp:attachment":[{"href":"https:\/\/asociatiatheoris.ro\/de\/wp-json\/wp\/v2\/media?parent=336776"}],"curies":[{"name":"wp","href":"https:\/\/api.w.org\/{rel}","templated":true}]}}