{"id":336782,"date":"2023-12-13T01:29:26","date_gmt":"2023-12-12T22:29:26","guid":{"rendered":"https:\/\/asociatiatheoris.ro\/mit-karte-spenden\/"},"modified":"2024-05-08T15:35:41","modified_gmt":"2024-05-08T12:35:41","slug":"spenden-mit-karte","status":"publish","type":"page","link":"https:\/\/asociatiatheoris.ro\/de\/spenden-mit-karte\/","title":{"rendered":"Spenden mit Karte"},"content":{"rendered":"<p>[et_pb_section fb_built=&#8221;1&#8243; _builder_version=&#8221;4.23.1&#8243; _module_preset=&#8221;default&#8221; custom_padding=&#8221;0px|||||&#8221; global_colors_info=&#8221;{}&#8221;][et_pb_row _builder_version=&#8221;4.23.1&#8243; _module_preset=&#8221;default&#8221; global_colors_info=&#8221;{}&#8221;][et_pb_column type=&#8221;4_4&#8243; _builder_version=&#8221;4.23.1&#8243; _module_preset=&#8221;default&#8221; global_colors_info=&#8221;{}&#8221;][et_pb_divider module_class=&#8221;dividerascuns&#8221; _builder_version=&#8221;4.23.1&#8243; _module_preset=&#8221;default&#8221; min_height=&#8221;140px&#8221; min_height_tablet=&#8221;125px&#8221; min_height_phone=&#8221;120px&#8221; min_height_last_edited=&#8221;on|phone&#8221; locked=&#8221;off&#8221; global_colors_info=&#8221;{}&#8221;][\/et_pb_divider][et_pb_button button_url=&#8221;https:\/\/asociatiatheoris.ro\/de\/spenden\/?iframe=true&#8221; button_text=&#8221;Zur\u00fcck&#8221; button_alignment=&#8221;left&#8221; module_class=&#8221;butoninapoi&#8221; _builder_version=&#8221;4.23.1&#8243; _module_preset=&#8221;default&#8221; custom_button=&#8221;on&#8221; button_text_color=&#8221;#FFFFFF&#8221; button_bg_color=&#8221;#ec6612&#8243; button_border_width=&#8221;2px&#8221; button_border_radius=&#8221;20px&#8221; button_letter_spacing=&#8221;0px&#8221; button_font=&#8221;Jost|600|||||||&#8221; button_icon=&#8221;&#xf060;||fa||900&#8243; button_icon_placement=&#8221;left&#8221; button_on_hover=&#8221;off&#8221; custom_margin=&#8221;||9px|||&#8221; custom_padding=&#8221;3px||3px||false|false&#8221; locked=&#8221;off&#8221; global_colors_info=&#8221;{}&#8221; button_text_color__hover=&#8221;#ec6612&#8243; button_text_color__hover_enabled=&#8221;on|hover&#8221; button_bg_color__hover=&#8221;#FFFFFF&#8221; button_bg_color__hover_enabled=&#8221;on|desktop&#8221; button_border_width__hover=&#8221;2px&#8221; button_border_width__hover_enabled=&#8221;on|hover&#8221; button_border_color__hover=&#8221;#ec6612&#8243; button_border_color__hover_enabled=&#8221;on|hover&#8221;][\/et_pb_button][dsm_contact_form_7 cf7_library=&#8221;336896&#8243; label_bottom_spacing=&#8221;3px&#8221; button_alignment=&#8221;center&#8221; module_class=&#8221;sabloncontract&#8221; _builder_version=&#8221;4.24.0&#8243; _module_preset=&#8221;default&#8221; labels_font=&#8221;|600|||||||&#8221; labels_text_align=&#8221;left&#8221; labels_line_height=&#8221;1em&#8221; input_textarea_select_font=&#8221;Arial|700||on|||||&#8221; input_textarea_select_text_color=&#8221;#000000&#8243; input_textarea_select_font_size=&#8221;16px&#8221; input_textarea_select_line_height=&#8221;1.1em&#8221; date_field_line_height=&#8221;1em&#8221; placeholder_font_size=&#8221;16px&#8221; placeholder_line_height=&#8221;0em&#8221; radio_checkbox_line_height=&#8221;1.5em&#8221; custom_button_one=&#8221;on&#8221; button_one_text_size=&#8221;20px&#8221; button_one_text_color=&#8221;#ffffff&#8221; button_one_bg_color=&#8221;#0C71C3&#8243; button_one_border_width=&#8221;3px&#8221; button_one_border_color=&#8221;#0c71c3&#8243; button_one_border_radius=&#8221;30px&#8221; button_one_letter_spacing=&#8221;1px&#8221; button_one_font=&#8221;Montserrat|800||on|||||&#8221; button_one_use_icon=&#8221;off&#8221; button_one_custom_margin=&#8221;10px|auto|0px|auto|false|false&#8221; button_one_custom_padding=&#8221;5px|30px|5px|30px|true|true&#8221; width=&#8221;70%&#8221; width_tablet=&#8221;100%&#8221; width_phone=&#8221;100%&#8221; width_last_edited=&#8221;on|phone&#8221; module_alignment=&#8221;center&#8221; custom_padding=&#8221;||||false|false&#8221; input_textarea_select_line_height_tablet=&#8221;1.1em&#8221; input_textarea_select_line_height_phone=&#8221;1.1em&#8221; input_textarea_select_line_height_last_edited=&#8221;on|desktop&#8221; border_radii_image=&#8221;on|7px|7px|7px|7px&#8221; border_width_all_image=&#8221;1px&#8221; box_shadow_style_button_one=&#8221;preset1&#8243; box_shadow_blur_button_one=&#8221;5px&#8221; global_colors_info=&#8221;{}&#8221; button_one_bg_color__hover_enabled=&#8221;on|hover&#8221; button_one_bg_color__hover=&#8221;#FFFFFF&#8221; button_one_bg_enable_color__hover=&#8221;on&#8221; button_one_text_color__hover_enabled=&#8221;on|hover&#8221; button_one_text_color__hover=&#8221;#0C71C3&#8243;][\/dsm_contact_form_7][et_pb_text content_tablet=&#8221;<\/p>\n<hr \/>\n<p>*Kartenspenden werden \u00fcber stripe.com abgewickelt, einen Dienst, der f\u00fcr die sichere Durchf\u00fchrung von Online-Transaktionen autorisiert ist.<\/p>\n<p>**Monatliche Spende \u2013 Durch die Nutzung dieser Spendenart erkl\u00e4ren Sie sich mit der automatischen Verarbeitung nachfolgender Spenden einverstanden. Das Intervall zwischen den Zahlungen betr\u00e4gt einen Monat. Wiederkehrende Spenden werden \u00fcber den von Ihnen gew\u00e4hlten Zeitraum hinweg durchgef\u00fchrt. Sie k\u00f6nnen jederzeit durch Kontaktaufnahme mit der Theoris-Vereinigung unter office@asociatiatheoris.ro von der automatischen Verarbeitung wiederkehrender Zahlungen zur\u00fccktreten.<\/p>\n<p>*** Felder, die mit einem * gekennzeichnet sind, sind Pflichtfelder<\/p>\n<hr \/>\n<p>&#8221; content_phone=&#8221;<\/p>\n<hr \/>\n<p>*Kartenspenden werden \u00fcber stripe.com abgewickelt, einen Dienst, der f\u00fcr die sichere Durchf\u00fchrung von Online-Transaktionen autorisiert ist.<\/p>\n<p>**Monatliche Spende \u2013 Durch die Nutzung dieser Spendenart erkl\u00e4ren Sie sich mit der automatischen Verarbeitung nachfolgender Spenden einverstanden. Das Intervall zwischen den Zahlungen betr\u00e4gt einen Monat. Wiederkehrende Spenden werden \u00fcber den von Ihnen gew\u00e4hlten Zeitraum hinweg durchgef\u00fchrt. Sie k\u00f6nnen jederzeit durch Kontaktaufnahme mit der Theoris-Vereinigung unter office@asociatiatheoris.ro von der automatischen Verarbeitung wiederkehrender Zahlungen zur\u00fccktreten.<\/p>\n<p>*** Felder, die mit einem * gekennzeichnet sind, sind Pflichtfelder<\/p>\n<hr \/>\n<p>&#8221; content_last_edited=&#8221;on|phone&#8221; _builder_version=&#8221;4.24.2&#8243; _module_preset=&#8221;default&#8221; text_font_size=&#8221;13px&#8221; text_line_height=&#8221;1.6em&#8221; hover_enabled=&#8221;0&#8243; text_font_size_tablet=&#8221;13px&#8221; text_font_size_phone=&#8221;13px&#8221; text_font_size_last_edited=&#8221;on|phone&#8221; locked=&#8221;off&#8221; global_colors_info=&#8221;{}&#8221; sticky_enabled=&#8221;0&#8243;]<\/p>\n<hr \/>\n<p>*Kartenspenden werden \u00fcber stripe.com abgewickelt, einen Dienst, der f\u00fcr die sichere Durchf\u00fchrung von Online-Transaktionen autorisiert ist.<\/p>\n<p>**Monatliche Spende \u2013 Durch die Nutzung dieser Spendenart erkl\u00e4ren Sie sich mit der automatischen Verarbeitung nachfolgender Spenden einverstanden. Das Intervall zwischen den Zahlungen betr\u00e4gt einen Monat. Wiederkehrende Spenden werden \u00fcber den von Ihnen gew\u00e4hlten Zeitraum hinweg durchgef\u00fchrt. Sie k\u00f6nnen jederzeit durch Kontaktaufnahme mit der Theoris-Vereinigung unter office@asociatiatheoris.ro von der automatischen Verarbeitung wiederkehrender Zahlungen zur\u00fccktreten.<\/p>\n<p>*** Felder, die mit einem * gekennzeichnet sind, sind Pflichtfelder<\/p>\n<hr \/>\n<p>[\/et_pb_text][\/et_pb_column][\/et_pb_row][\/et_pb_section]<\/p>\n","protected":false},"excerpt":{"rendered":"<p><div class=\"et_pb_with_border et_pb_module dsm_contact_form_7 dsm_contact_form_7_0 sabloncontract\">\n\t\t\t\t\n\t\t\t\t\n\t\t\t\t\n\t\t\t\t\n\t\t\t\t\n\t\t\t\t\n\t\t\t\t<div class=\"et_pb_module_inner\">\n\t\t\t\t\t<div class=\"\">\n\t\t\t\t\n<div class=\"wpcf7 no-js\" id=\"wpcf7-f336896-o1\" lang=\"en-US\" dir=\"ltr\">\n<div class=\"screen-reader-response\"><p role=\"status\" aria-live=\"polite\" aria-atomic=\"true\"><\/p> <ul><\/ul><\/div>\n<form action=\"\/de\/wp-json\/wp\/v2\/pages\/336782#wpcf7-f336896-o1\" method=\"post\" class=\"wpcf7-form init\" aria-label=\"Contact form\" novalidate=\"novalidate\" data-status=\"init\">\n<div style=\"display: none;\">\n<input type=\"hidden\" name=\"_wpcf7\" value=\"336896\" \/>\n<input type=\"hidden\" name=\"_wpcf7_version\" value=\"5.8.7\" \/>\n<input type=\"hidden\" name=\"_wpcf7_locale\" value=\"en_US\" \/>\n<input type=\"hidden\" name=\"_wpcf7_unit_tag\" value=\"wpcf7-f336896-o1\" \/>\n<input type=\"hidden\" name=\"_wpcf7_container_post\" value=\"0\" \/>\n<input type=\"hidden\" name=\"_wpcf7_posted_data_hash\" value=\"\" \/>\n<input type=\"hidden\" name=\"_wpcf7_recaptcha_response\" value=\"\" \/>\n<\/div>\n<link rel=\"stylesheet\" href=\"https:\/\/asociatiatheoris.ro\/wp-content\/plugins\/pdf-forms-for-contact-form-7\/css\/frontend.css\" \/><script type=\"text\/javascript\" src=\"https:\/\/asociatiatheoris.ro\/wp-content\/plugins\/pdf-forms-for-contact-form-7\/js\/frontend.js?ver=2.1.10\"><\/script><div class=\"uacf7-form-336896\"><div class=\"redirectionarefirma\"><div class=\"titlumare\">Online-Spende mit Karte<\/div>\n\n\n\n\n\n\n      <!-- Butonul pentru selectare tip dona\u021bie -->\n    <div class=\"tip-donatie-container\">\n        <div class=\"texttipdonatie\" style=\"font-weight: bold;\">Spendenart<\/div>\n        <button type=\"button\" class=\"tip-donatie-btn lunare-btn\">MONATLICH<\/button>\n        <button type=\"button\" class=\"tip-donatie-btn singura-data-btn\">EINMALIG<\/button>\n    <\/div>\n    \n\n<hr>\n\n\n\n\n\n\n\n    <!-- Butoane ad\u0103ugate pentru sume de dona\u021bie -->\n    <div class=\"tip-donatie-container sumafix\">\n        <button type=\"button\" class=\"tip-donatie-btn butoanesuma\" value=\"5\">5 EUR<\/button>\n        <button type=\"button\" class=\"tip-donatie-btn butoanesuma\" value=\"10\">10 EUR<\/button>\n        <button type=\"button\" class=\"tip-donatie-btn butoanesuma\" value=\"30\">30 EUR<\/button>\n        <button type=\"button\" class=\"tip-donatie-btn butoanesuma\" value=\"altasuma\">Anderer Betrag<\/button>\n    <\/div>\n\n\n\n\n\n<div >\n  <div class=\"ha-input-row clearfix\">\n\n    <div class=\"ha-input-group\">\n\n    <span class=\"wpcf7-form-control-wrap\" data-name=\"suma-donatie\"><input size=\"40\" class=\"wpcf7-form-control wpcf7-text\" aria-invalid=\"false\" value=\"\" type=\"text\" name=\"suma-donatie\" \/><\/span><label>Gib den gew\u00fcnschten Betrag ein*<\/label><div class=\"mesaj\"><\/div><\/div>\n\n\n    <div class=\"ha-input-group selectmoneda\">\n    <span class=\"wpcf7-form-control-wrap dsm-contact-form-7-select\" data-name=\"your-currency\"><select class=\"wpcf7-form-control wpcf7-select et_pb_contact_select input\" aria-invalid=\"false\" name=\"your-currency\"><option value=\"EUR\">EUR<\/option><option value=\"USD\">USD<\/option><option value=\"GBP\">GBP<\/option><option value=\"RON\">RON<\/option><\/select><\/span>\n    <label class=\"isValid datacontract\">W\u00e4hrung<\/label><div class=\"mesaj\"><\/div><\/div>\n\n\n  <\/div>\n\n\n\n\n\n  <div class=\"ha-input-row clearfix\">\n\n    <div class=\"ha-input-group\">\n\n    <span class=\"wpcf7-form-control-wrap\" data-name=\"your-lastname\"><input size=\"40\" class=\"wpcf7-form-control wpcf7-text\" aria-invalid=\"false\" value=\"\" type=\"text\" name=\"your-lastname\" \/><\/span><label>Nachname*<\/label><div class=\"mesaj\"><\/div>\n    <\/div>\n\n\n    <div class=\"ha-input-group\">\n\n    <span class=\"wpcf7-form-control-wrap\" data-name=\"your-firstname\"><input size=\"40\" class=\"wpcf7-form-control wpcf7-text\" aria-invalid=\"false\" value=\"\" type=\"text\" name=\"your-firstname\" \/><\/span><label>Vorname*<\/label><div class=\"mesaj\"><\/div>\n    <\/div>\n\n\n  <\/div>\n\n\n\n\n\n  <div class=\"ha-input-row clearfix\">\n\n    <div class=\"ha-input-group\">\n\n    <span class=\"wpcf7-form-control-wrap\" data-name=\"your-email\"><input size=\"40\" class=\"wpcf7-form-control wpcf7-email wpcf7-validates-as-required wpcf7-text wpcf7-validates-as-email\" aria-required=\"true\" aria-invalid=\"false\" value=\"\" type=\"email\" name=\"your-email\" \/><\/span><label>E-mail*<\/label><div class=\"mesaj\"><\/div>\n    <\/div>\n\n\n\n\n  <\/div>\n\n     <div class=\"ha-input-row clearfix \">\n            <div class=\"ha-input-group\">\n                <span class=\"wpcf7-form-control-wrap\" data-name=\"your-message\"><textarea cols=\"40\" rows=\"10\" class=\"wpcf7-form-control wpcf7-textarea msjdonatie\" aria-invalid=\"false\" name=\"your-message\"><\/textarea><\/span>\n\n                <label>Nachricht (optional)<\/label>\n                <div class=\"mesaj\"><\/div>\n            <\/div><\/div>\n\n\n<span class=\"wpcf7-form-control-wrap\" data-name=\"donatie-anonima\"><span class=\"wpcf7-form-control wpcf7-checkbox\"><span class=\"wpcf7-list-item first last\"><label><input type=\"checkbox\" name=\"donatie-anonima[]\" value=\"Ich m\u00f6chte, dass die Spende anonym bleibt! (Ihr Name wird nicht auf der Website ver\u00f6ffentlicht)\" \/><span class=\"wpcf7-list-item-label\">Ich m\u00f6chte, dass die Spende anonym bleibt! (Ihr Name wird nicht auf der Website ver\u00f6ffentlicht)<\/span><\/label><\/span><\/span><\/span>\n\n\n\n\n\n\n\n<span class=\"wpcf7-form-control-wrap\" data-name=\"email-newsletter\"><span class=\"wpcf7-form-control wpcf7-acceptance optional\"><span class=\"wpcf7-list-item\"><label><input type=\"checkbox\" name=\"email-newsletter\" value=\"1\" aria-invalid=\"false\" \/><span class=\"wpcf7-list-item-label\">Ich m\u00f6chte per E-Mail benachrichtigt werden, wenn es Updates zum Fall gibt<\/span><\/label><\/span><\/span><\/span>\n\n\n\n\n<span class=\"wpcf7-form-control-wrap\" data-name=\"politica-site\"><span class=\"wpcf7-form-control wpcf7-checkbox wpcf7-validates-as-required\"><span class=\"wpcf7-list-item first last\"><label><input type=\"checkbox\" name=\"politica-site[]\" value=\"Ich stimme den Allgemeinen Gesch\u00e4ftsbedingungen und der Datenschutzrichtlinie der Website zu\" \/><span class=\"wpcf7-list-item-label\">Ich stimme den Allgemeinen Gesch\u00e4ftsbedingungen und der Datenschutzrichtlinie der Website zu<\/span><\/label><\/span><\/span><\/span>\n\n  <\/div>\n\n\n\n\n\n\n<\/div>\n\n\n<input class=\"wpcf7-form-control wpcf7-hidden\" value=\"Card\" type=\"hidden\" name=\"modalitate_donatie\" \/>\n<input class=\"wpcf7-form-control wpcf7-hidden\" value=\"theoris\" type=\"hidden\" name=\"nume_caz\" \/>\n\n<div class=\"mesajprincipal\"><\/div>\n\n\n\n<button class=\"wpcf7-form-control wpcf7-submit has-spinner et_pb_button et_pb_bg_layout_light\" type=\"submit\" value=\"Spenden\">Spenden<\/button>\n\n\n\n<div id=\"popupDonatie\">\n    <div class=\"titlumare\">Select Period<\/div>\n    <div class=\"tip-donatie-container\" style=\"flex-direction:column; margin-top:15px;\">\n        <button type=\"button\" class=\"tip-donatie-btn perioada-btn\" data-perioada=\"6\">6 Monate<\/button>\n        <button type=\"button\" class=\"tip-donatie-btn perioada-btn\" data-perioada=\"12\">Ein Jahr<\/button>\n        <button type=\"button\" class=\"tip-donatie-btn perioada-btn\" data-perioada=\"24\">2 Jahre<\/button>\n        <button type=\"button\" class=\"tip-donatie-btn perioada-btn\" data-perioada=\"36\">3 Jahre<\/button>\n    <\/div>\n<\/div><\/div><div class=\"wpcf7-response-output\" aria-hidden=\"true\"><\/div>\n<\/form>\n<\/div>\n\n\t\t\t<\/div>\n\t\t\t\t<\/div>\n\t\t\t<\/div> *Kartenspenden werden \u00fcber stripe.com abgewickelt, einen [&hellip;]<\/p>\n","protected":false},"author":1,"featured_media":0,"parent":0,"menu_order":0,"comment_status":"closed","ping_status":"closed","template":"","meta":{"_et_pb_use_builder":"on","_et_pb_old_content":"","_et_gb_content_width":"","footnotes":""},"_links":{"self":[{"href":"https:\/\/asociatiatheoris.ro\/de\/wp-json\/wp\/v2\/pages\/336782"}],"collection":[{"href":"https:\/\/asociatiatheoris.ro\/de\/wp-json\/wp\/v2\/pages"}],"about":[{"href":"https:\/\/asociatiatheoris.ro\/de\/wp-json\/wp\/v2\/types\/page"}],"author":[{"embeddable":true,"href":"https:\/\/asociatiatheoris.ro\/de\/wp-json\/wp\/v2\/users\/1"}],"replies":[{"embeddable":true,"href":"https:\/\/asociatiatheoris.ro\/de\/wp-json\/wp\/v2\/comments?post=336782"}],"version-history":[{"count":9,"href":"https:\/\/asociatiatheoris.ro\/de\/wp-json\/wp\/v2\/pages\/336782\/revisions"}],"predecessor-version":[{"id":338592,"href":"https:\/\/asociatiatheoris.ro\/de\/wp-json\/wp\/v2\/pages\/336782\/revisions\/338592"}],"wp:attachment":[{"href":"https:\/\/asociatiatheoris.ro\/de\/wp-json\/wp\/v2\/media?parent=336782"}],"curies":[{"name":"wp","href":"https:\/\/api.w.org\/{rel}","templated":true}]}}